{"id":9,"date":"2019-01-16T13:45:29","date_gmt":"2019-01-16T12:45:29","guid":{"rendered":"http:\/\/localhost\/00_clients\/303_anna_polke_stiftung\/stiftung\/"},"modified":"2025-12-17T11:26:21","modified_gmt":"2025-12-17T10:26:21","slug":"foundation","status":"publish","type":"page","link":"https:\/\/www.anna-polke-stiftung.com\/en\/foundation\/","title":{"rendered":"Foundation"},"content":{"rendered":"\n<h2 id=\"tasks-objectives\" class=\"has-text-align-left\">TASKS &amp; OBJECTIVES<\/h2>\n\n\n\n<p>The Anna Polke Foundation, founded in 2018, is a non-profit foundation based in Cologne. Its main task is to encourage people to engage with the work of Sigmar Polke, who died in Cologne in 2010 and still today is one of the most influential contemporary artists. As the artist\u2019s daughter, the founder Anna Polke aims to keep alive her father\u2019s work and to invite academics and scholars to do research on Sigmar Polke\u2019s oeuvre. To this end, starting in 2019 the foundation is granting scholarships for academic research projects that open up new perspectives on Polke\u2019s work. The foundation's archive is available for research purposes. Furthermore, the foundation organizes symposia, exhibitions, publications, and an oral art history project. By supporting external projects and carrying out its own projects, the Anna Polke Foundation is involved in research, art, culture, and education, and, in the spirit of Sigmar Polke, intends to make a contribution to cultural life extending beyond the artist\u2019s life and that of the founder. <\/p>\n\n\n\n<h2 id=\"anna-polke\">ANNA POLKE<\/h2>\n\n\n\n<p>Anna Polke was born in 1964 as the second child of Karin and Sigmar Polke. Shortly after her birth her family moved into a flat on Kirchfeldstra\u00dfe in D\u00fcsseldorf, in which family life, the artist\u2019s studio, and a vibrant exchange with artist colleagues and collaborators merged. After Karin and Sigmar Polke separated, Anna lived with her mother and her brother Georg in Berlin. She studied acting at the Hochschule f\u00fcr Musik und Darstellende Kunst in Hamburg. After working at the Staatstheater Darmstadt and the Hamburger Schauspielhaus, she has since 1992 performed at Theater Oberhausen, where she received the audience prize twice and in 2018 was awarded the Jury First Prize for her role in <em>Das dritte Leben des Fritz Giga<\/em>. In addition, she is active as a photographer and filmmaker and has shown her work in various exhibitions. <\/p>\n\n\n\n<h2 id=\"team\">TEAM<\/h2>\n\n\n\n<div class=\"wp-block-jnz-bio-block\"><div class=\"bio-container\"><h4>Nicole Ruppert<\/h4><h5>Managing Director and Head of Administration<\/h5><div class=\"bio-content\"><p>Nicole Ruppert studied German language and literature and history at the Freie Universit\u00e4t Berlin. Her career path led from the cultural office of the city of Wolfsburg, to the Empore theatre in Buchholz in der Nordheide, to a post as the Commercial Manager of the Estate of Sigmar Polke. In her many years as a cultural manager, she has conceived and carried out countless events.<\/p><\/div><\/div><\/div>\n\n\n\n<div class=\"wp-block-jnz-bio-block\"><div class=\"bio-container\"><h4>Sophia Stang<\/h4><h5>Managing Director and Head of Research<br\/>Scholarships, publications and academic events<\/h5><div class=\"bio-content\"><p>Sophia Stang studied art history, German philology, as well as culture,  communications, and management in M\u00fcnster and Berlin. She has previously held positions such as at the Stiftung Museum Kunstpalast in  D\u00fcsseldorf, the Estate of Sigmar Polke in Cologne, and as a research assistant at the Chair for Art History at Friedrich-Schiller-Universit\u00e4t Jena under Prof. Dr. Verena Krieger within the framework of a research  project sponsored by the German Research Association, DFG. She is doing her doctorate, also in Jena, on Giorgio de Chirico\u2019s art-theoretical and autobiographical writings in the context of the magazine <em>Valori Plastici<\/em>.<\/p><\/div><\/div><\/div>\n\n\n\n<div class=\"wp-block-jnz-bio-block\"><div class=\"bio-container\"><h4>Dr. Kathrin Barutzki<\/h4><h5>Project Manager <br\/>Public programmes and curatorial projects<\/h5><div class=\"bio-content\"><p>Kathrin Barutzki studied art history, German language and literature, and modern history in Cologne, Bonn and Rome. After finishing her studies in 2011, she worked among others at the Ludwig Forum f\u00fcr Internationale Kunst in Aachen, at the Kunsthalle D\u00fcsseldorf, for the Estate of Sigmar Polke, as a freelance author and curator, and as a lecturer at the Kunstakademie D\u00fcsseldorf. She completed her doctorate at the Universit\u00e4t zu K\u00f6ln on the subject of photographic strategies and multiple exhibition concepts in art around 1970.<\/p><\/div><\/div><\/div>\n\n\n\n<div class=\"wp-block-jnz-bio-block\"><div class=\"bio-container\"><h4>Nelly Gawellek<\/h4><h5>Project Manager<br\/>Oral art history and communications, artistic project<\/h5><div class=\"bio-content\"><p>Nelly Gawellek studied art history and general rhetoric in T\u00fcbingen. After finishing her studies in 2011, she worked as a gallery director in Cologne and Berlin and a research associate for the Estate of Sigmar Polke in Cologne, among others. She is also a freelance author and curator focussing on current artistic positions and is a board member of And She Was Like: B\u00c4M! e.V, a feminist network for arts and design.<\/p><\/div><\/div><\/div>\n\n\n\n<div class=\"wp-block-jnz-bio-block\"><div class=\"bio-container\"><h4>ROSA R\u00c4DERSCHEIDT<\/h4><h5>Research Assistant<br\/>Archives and Oral Art History<\/h5><div class=\"bio-content\"><p>Rosa R\u00e4derscheidt studied art history and theatre studies in Berlin and Cologne. She has worked at the Berliner Ensemble, at the Bassenge auction house and in galleries. In addition to her work at the Anna Polke Foundation, she manages the estate of the artist Marta Hegemann.<\/p><\/div><\/div><\/div>\n\n\n\n<div class=\"wp-block-jnz-bio-block\"><div class=\"bio-container\"><h4>Dr. Silke R\u00f6ckelein<\/h4><h5>Research Associate<br\/>Archives and library<\/h5><div class=\"bio-content\"><p>Silke R\u00f6ckelein studied art history and modern German literature and media studies in Marburg and Poitiers and completed her doctorate at the University of Frankfurt am Main. She has worked for the Digital Art and Culture Archive, D\u00fcsseldorf, and the German Digital Library, among others. She works also as a research assistant in the Collections and Archives department of the Insel Hombroich Foundation, Neuss, since 2013.<\/p><\/div><\/div><\/div>\n\n\n\n<div class=\"wp-block-jnz-bio-block\"><div class=\"bio-container\"><h4>ELSA WELLMANN-GILCHER<\/h4><h5>Research Associate<br\/>Athanor NOW<\/h5><div class=\"bio-content\"><p>Elsa Wellmann-Gilcher studied art history, art \u2013 media \u2013 cultural education, classical archaeology, and museology in Frankfurt am Main, Rome, and Bonn.<br\/>She gained practical experience at research institutions such as the Kunsthistorisches Institut in Florence and the Kunst- und Museumsbibliothek K\u00f6ln, as well as at exhibition venues such as the St\u00e4del Museum, the Liebieghaus Skulpturensammlung in Frankfurt am Main, and the Bonner Kunstverein.<\/p><\/div><\/div><\/div>\n\n\n\n<p><\/p>\n\n\n\n<p><\/p>\n\n\n\n<h2 id=\"the-foundations-bodies\">THE FOUNDATION\u2019S BODIES<\/h2>\n\n\n\n<p>The  foundation has two bodies: the Management Board and the Board of  Trustees. The Management Board represents the foundation in and out of  court. The Board of Trustees supports and advises the Management Board  in matters pertaining to the fulfilment of its tasks.<br><br>Management Board<br><br><a href=\"#anna-polke\">ANNA POLKE<\/a>, founder<br><br>Board of Trustees<\/p>\n\n\n\n<div class=\"wp-block-jnz-bio-block\"><div class=\"bio-container\"><h4>Jacqueline Burckhardt<\/h4><h5><\/h5><div class=\"bio-content\"><p>Jacqueline Burckhardt is an art historian and curator. Before studying  art history in Zurich, where she completed her doctorate, she received  training as a conservator at Istituto Centrale del Restauro in Rome. She  was the cofounder and editor of the magazine <em>Parkett\u00a0<\/em>(Zurich\/New  York), published between 1984 and 2017. Jacqueline Burckhardt taught at  the Accademia di Architettura \u2013 Universit\u00e0 della Svizzera italiana\u00a0and  from 2008 to 2016 was the director of the Sommerakademie im Zentrum Paul  Klee in Bern. From 2006 to 2009 she curated Sigmar Polke\u2019s  stained-glass -window project in Grossm\u00fcnster Z\u00fcrich and from 2006 to 2015 site-specific art at Novartis Campus in Basel.<\/p><\/div><\/div><\/div>\n\n\n\n<div class=\"wp-block-jnz-bio-block\"><div class=\"bio-container\"><h4>Bice Curiger<\/h4><h5><\/h5><div class=\"bio-content\"><p>Bice Curiger\u00a0is an art historian and curator. She has been the artistic  director of the Fondation Vincent van Gogh Arles since 2013. She was  cofounder and editor-in-chief of <em>Parkett<\/em>, a book series on  contemporary art that was published from 1984 to 2017 in English and  German in Zurich and New York. From 1993 to 2013 she was a curator at  Kunsthaus Z\u00fcrich and in 2011 the director of the 54th Biennale di Venezia.  She has published numerous books, catalogues and essays on contemporary  art. The first of many essays she wrote on Sigmar Polke was published  in 1977, and she subsequently organized a number of exhibitions that  were devoted to his work or included works by the artist in a thematic  context.<\/p><\/div><\/div><\/div>\n\n\n\n<div class=\"wp-block-jnz-bio-block\"><div class=\"bio-container\"><h4>Carola de Decker<\/h4><h5><\/h5><div class=\"bio-content\"><p>Carola de Decker is a lawyer. For quite some time art has been a special focus of her work. As a member of the Board of Trustees, she counsels the Anna Polke Foundation on legal matters. <\/p><\/div><\/div><\/div>\n\n\n\n<div class=\"wp-block-jnz-bio-block\"><div class=\"bio-container\"><h4>Petra Lange-Berndt<\/h4><h5><\/h5><div class=\"bio-content\"><p>Petra Lange-Berndt has been\u00a0chair\u00a0of Modern and Contemporary Art\u00a0in\u00a0the Art History\u00a0department, Universit\u00e4t Hamburg, since 2015. She previously taught\u00a0as lecturer\/reader\u00a0from 2007 to 2015\u00a0in\u00a0the History of Art department, University College London. She is the author of numerous publications on art theory and modern and contemporary art; her research focuses in particular on materiality, gender studies, interactions between art and natural sciences, animal studies and countercultures. Among the various projects that she\u00a0has\u00a0(co-)curated, some\u00a0have been\u00a0devoted to Sigmar Polke's work,\u00a0including\u00a0the\u00a0influential\u00a0exhibition<em>\u00a0Sigmar Polke:\u00a0We Petty Bourgeois! Comrades and Contemporaries, The 1970s<\/em>, which was shown\u00a0in 2009\u20132010\u00a0in three consecutive parts at the Hamburger Kunsthalle.<\/p><\/div><\/div><\/div>\n\n\n\n<p><\/p>\n\n\n\n<h2 id=\"donations-consents\">Donations &amp; Consents<\/h2>\n\n\n\n<p>The Anna Polke Foundation is recognised as a non-profit foundation under civil law by the Cologne tax office and is entitled to issue donation receipts. Donations are therefore tax-deductible. We are also pleased about donations in kind (catalogues, documents etc.) for our archive. The Anna Polke Foundation issues donation receipts.<\/p>\n","protected":false},"excerpt":{"rendered":"<p>TASKS &amp; OBJECTIVES The Anna Polke Foundation, founded in 2018, is a non-profit foundation based in Cologne. Its main task is to encourage people to engage with the work of Sigmar Polke, who died in Cologne in 2010 and still today is one of the most influential contemporary artists. As the artist\u2019s daughter, the founder [&hellip;]<\/p>\n","protected":false},"author":2,"featured_media":0,"parent":0,"menu_order":10,"comment_status":"closed","ping_status":"closed","template":"","meta":[],"_links":{"self":[{"href":"https:\/\/www.anna-polke-stiftung.com\/en\/wp-json\/wp\/v2\/pages\/9"}],"collection":[{"href":"https:\/\/www.anna-polke-stiftung.com\/en\/wp-json\/wp\/v2\/pages"}],"about":[{"href":"https:\/\/www.anna-polke-stiftung.com\/en\/wp-json\/wp\/v2\/types\/page"}],"author":[{"embeddable":true,"href":"https:\/\/www.anna-polke-stiftung.com\/en\/wp-json\/wp\/v2\/users\/2"}],"replies":[{"embeddable":true,"href":"https:\/\/www.anna-polke-stiftung.com\/en\/wp-json\/wp\/v2\/comments?post=9"}],"version-history":[{"count":63,"href":"https:\/\/www.anna-polke-stiftung.com\/en\/wp-json\/wp\/v2\/pages\/9\/revisions"}],"predecessor-version":[{"id":4968,"href":"https:\/\/www.anna-polke-stiftung.com\/en\/wp-json\/wp\/v2\/pages\/9\/revisions\/4968"}],"wp:attachment":[{"href":"https:\/\/www.anna-polke-stiftung.com\/en\/wp-json\/wp\/v2\/media?parent=9"}],"curies":[{"name":"wp","href":"https:\/\/api.w.org\/{rel}","templated":true}]}}