{"id":41,"date":"2019-01-16T15:29:06","date_gmt":"2019-01-16T15:29:06","guid":{"rendered":"http:\/\/localhost\/00_clients\/303_anna_polke_stiftung\/sigmar-polke\/"},"modified":"2024-07-17T14:22:51","modified_gmt":"2024-07-17T12:22:51","slug":"sigmar-polke","status":"publish","type":"page","link":"https:\/\/www.anna-polke-stiftung.com\/en\/sigmar-polke\/","title":{"rendered":"Sigmar Polke"},"content":{"rendered":"\n<h3 id=\"mce_18\">Sigmar Polke<\/h3>\n\n\n\n<p>Sigmar Polke was born on 13 February 1941 in Ole\u015bnica (Silesia). During the Second World War his family fled to Thuringia, and they settled in D\u00fcsseldorf in 1953. Here, Sigmar Polke did an apprenticeship at a stained-glass maker, and subsequently, from 1961 to 1967, studied at the Kunstakademie D\u00fcsseldorf with Karl Otto G\u00f6tz and Gerhard Hoehme. While he was still studying, he and his fellow students Manfred Kuttner, Konrad Lueg and Gerhard Richter organised a first public exhibition under the label <em>Capitalist Realism<\/em>. His first group and solo exhibitions at galleries followed in D\u00fcsseldorf, Cologne, Berlin, Hannover and other places, and later he was granted a professorship at the Hochschule f\u00fcr bildende K\u00fcnste (HFBK) in Hamburg (1970\/71). In the 1970s, Polke entered into lively exchange with artists and other creative people at his home, a former farm named Gaspelshof in Willich, and in Switzerland, travelled abroad (Afghanistan\/Pakistan, New York), and had his first international exhibitions (Bienal de S\u00e3o Paulo, 1975). A first retrospective of his work was shown in 1976 in T\u00fcbingen, D\u00fcsseldorf and Eindhoven. In 1978 Sigmar Polke moved to Cologne, where he lived and worked until his death on 10 June 2010.<br><br>Sigmar Polke\u2019s extensive oeuvre encompasses painting, works on paper, photography, film, objects, and graphic works. His unconventional and experimental use of different media and materials and his rich visual worlds made him one of the most influential post-war German artists, and his work still inspires young artists today.<br><\/p>\n\n\n\n<h2 id=\"exhibitions-selection\">EXHIBITIONS <span>(Selection)<\/span><\/h2>\n\n\n\n<ul><li>1963 <ul><li>Demonstrative Ausstellung, Kaiserstra\u00dfe 31A, D\u00fcsseldorf, with Manfred Kuttner, Konrad Lueg and Gerhard Richter <\/li><\/ul><\/li><li>1966 <ul><li><em>polke\/richter. richter\/polke<\/em>, Galerie h, Hanover <\/li><\/ul><\/li><li>1966 <ul><li><em>Hommage an Schmela<\/em>, Galerie Schmela, D\u00fcsseldorf <\/li><\/ul><\/li><li>1972 <ul><li><em>Documenta 5. Befragung der Realit\u00e4t. Bildwelten heute<\/em>, Museum Friedericianum, Neue Galerie, Kassel <\/li><\/ul><\/li><li>1973 <ul><li><em>Original&nbsp;+&nbsp;F\u00e4lschung<\/em>, Westf\u00e4lischer Kunstverein, M\u00fcnster, with Achim Duchow (subsequently at St\u00e4dtisches Kunstmuseum Bonn) <\/li><\/ul><\/li><li>1974 <ul><li><em>Hallo Shiva\u2026 Neue Bilder<\/em>, Galerie Klein, Bonn <\/li><\/ul><\/li><li>1975 <ul><li><em>XIII Bienal de S\u00e3o Paulo<\/em>, S\u00e3o Paulo <\/li><\/ul><\/li><li>1976 <ul><li><em>Sigmar Polke. Bilder, T\u00fccher, Objekte, selection of works, 1962\u20131971<\/em>, Kunsthalle T\u00fcbingen (subsequently at Kunsthalle D\u00fcsseldorf and Van Abbemuseum Eindhoven) <\/li><\/ul><\/li><li>1982 <ul><li><em>Documenta 7<\/em>, Kassel <\/li><\/ul><\/li><li>1983 <ul><li><em>Sigmar Polke<\/em>, Museum Boijmans Van Beuningen, Rotterdam (subsequently at St\u00e4dtisches Kunstmuseum Bonn) <\/li><\/ul><\/li><li>1984 <ul><li><em>Sigmar Polke<\/em>, Kunsthaus Z\u00fcrich (subsequently at Josef-Haubrich-Kunsthalle, K\u00f6ln) <\/li><\/ul><\/li><li>1986 <ul><li><em>Athanor. Il padiglione. XLII Biennale di Venezia<\/em>, Venice <\/li><\/ul><\/li><li>1988 <ul><li><em>Sigmar Polke. Zeichnungen, Aquarelle, Skizzenb\u00fccher, 1962\u20131988<\/em>, St\u00e4dtisches Kunstmuseum Bonn <\/li><\/ul><\/li><li>1988 <ul><li><em>Sigmar Polke<\/em>, ARC, Mus\u00e9e d\u2019Art Moderne de la Ville de Paris <\/li><\/ul><\/li><li>1990 <ul><li><em>Sigmar Polke. Fotografien<\/em>, Staatliche Kunsthalle Baden-Baden <\/li><\/ul><\/li><li>1990\u201392 <ul><li><em>Sigmar Polke<\/em>, San Francisco Museum of Modern Art (subsequently at Hirshhorn Museum and Sculpture Garden, Smithsonian Institution, Washington DC, Museum of Contemporary Art, Chicago, Brooklyn Museum, New York) <\/li><\/ul><\/li><li>1992 <ul><li><em>Sigmar Polke<\/em>, Stedelijk Museum, Amsterdam <\/li><\/ul><\/li><li>1994\u201395 <ul><li><em>Sigmar Polke<\/em>, Carr\u00e9 d\u2018Art, Mus\u00e9e d\u2018Art Contemporain, N\u00eemes (subsequently IVAM Centre del Carme, Valencia) <\/li><\/ul><\/li><li>1997\u201398 <ul><li><em>Sigmar Polke. Die drei L\u00fcgen der Malerei<\/em>, Kunst- und Ausstellungshalle der Bundesrepublik Deutschland (subsequently Nationalgalerie at Hamburger Bahnhof, Berlin) <\/li><\/ul><\/li><li>1999 <ul><li><em>Sigmar Polke. Works on Paper 1963\u20131974<\/em>, The Museum of Modern Art, New York (subsequently Hamburger Kunsthalle) <\/li><\/ul><\/li><li>2005 <ul><li><em>Sigmar Polke. Werke &amp; Tage<\/em>, Kunsthaus Z\u00fcrich <\/li><\/ul><\/li><li>2009\u201310 <ul><li><em>Sigmar Polke. Wir Kleinb\u00fcrger! Zeitgenossen und Zeitgenossinnen. Die 1970er Jahre<\/em>, Hamburger Kunsthalle <\/li><\/ul><\/li><li>2013\u201314 <ul><li><em>Sigmar Polke<\/em>, Mus\u00e9e de Grenoble <\/li><\/ul><\/li><li>2014\u201315 <ul><li><em>Alibis: Sigmar Polke, 1963\u20132010<\/em>, The Museum of Modern Art, New York (subsequently Tate Modern, London, and Museum Ludwig, Cologne) <\/li><\/ul><\/li><li>2016 <ul><li><em>Sigmar Polke<\/em>, Palazzo Grassi, Venice <\/li><\/ul><\/li><li>2018-19 <ul><li><em>Sigmar Polke<\/em> <em>and the 1970s \u2013 Networks, Experiments, Identities<\/em>, Museum f\u00fcr Gegenwartskunst, Siegen<\/li><\/ul><\/li><li>2021-22<ul><li><em>Productive Image Interference: Sigmar Polke and Artistic Perspectives Today<\/em>, Kunsthalle D\u00fcsseldorf  <\/li><\/ul><\/li><\/ul>\n\n\n\n<h2 id=\"awards-selection\">AWARDS <span>(Selection)<\/span><\/h2>\n\n\n\n<ul><li>1966<ul><li>Deutscher Kunstpreis der Jugend (Young German Art Award), Baden-Baden<\/li><\/ul><\/li><li> 1975<ul><li>Prize for painting of the city of S\u00e3o Paulo, XIII Bienal de S\u00e3o Paulo<\/li><\/ul><\/li><li> 1986<ul><li>Leone d'oro. Grand prize for painting, XLII Biennale di Venezia, Venice<\/li><\/ul><\/li><li> 1994<ul><li>Erasmus Prize of the Praemium Erasmianum Foundation, Amsterdam<\/li><\/ul><\/li><li> 2000<ul><li>Kaiserring, art prize of the city of Goslar<\/li><\/ul><\/li><li> 2002<ul><li>Praemium Imperiale, Japan Art Association, Tokyo<\/li><\/ul><\/li><li> 2007<ul><li>Rubens Prize of the city of Siegen<\/li><\/ul><\/li><li> 2010<ul><li>Roswitha Haftmann Prize, Zurich<\/li><\/ul><\/li><li> 2017<ul><li>Prix Visarte D\u2018Honneur, Zurich<\/li><\/ul><\/li><\/ul>\n","protected":false},"excerpt":{"rendered":"<p>Sigmar Polke Sigmar Polke was born on 13 February 1941 in Ole\u015bnica (Silesia). During the Second World War his family fled to Thuringia, and they settled in D\u00fcsseldorf in 1953. Here, Sigmar Polke did an apprenticeship at a stained-glass maker, and subsequently, from 1961 to 1967, studied at the Kunstakademie D\u00fcsseldorf with Karl Otto G\u00f6tz [&hellip;]<\/p>\n","protected":false},"author":2,"featured_media":1523,"parent":0,"menu_order":20,"comment_status":"closed","ping_status":"closed","template":"","meta":[],"_links":{"self":[{"href":"https:\/\/www.anna-polke-stiftung.com\/en\/wp-json\/wp\/v2\/pages\/41"}],"collection":[{"href":"https:\/\/www.anna-polke-stiftung.com\/en\/wp-json\/wp\/v2\/pages"}],"about":[{"href":"https:\/\/www.anna-polke-stiftung.com\/en\/wp-json\/wp\/v2\/types\/page"}],"author":[{"embeddable":true,"href":"https:\/\/www.anna-polke-stiftung.com\/en\/wp-json\/wp\/v2\/users\/2"}],"replies":[{"embeddable":true,"href":"https:\/\/www.anna-polke-stiftung.com\/en\/wp-json\/wp\/v2\/comments?post=41"}],"version-history":[{"count":37,"href":"https:\/\/www.anna-polke-stiftung.com\/en\/wp-json\/wp\/v2\/pages\/41\/revisions"}],"predecessor-version":[{"id":4175,"href":"https:\/\/www.anna-polke-stiftung.com\/en\/wp-json\/wp\/v2\/pages\/41\/revisions\/4175"}],"wp:featuredmedia":[{"embeddable":true,"href":"https:\/\/www.anna-polke-stiftung.com\/en\/wp-json\/wp\/v2\/media\/1523"}],"wp:attachment":[{"href":"https:\/\/www.anna-polke-stiftung.com\/en\/wp-json\/wp\/v2\/media?parent=41"}],"curies":[{"name":"wp","href":"https:\/\/api.w.org\/{rel}","templated":true}]}}